{"id":61,"date":"2022-05-30T14:44:50","date_gmt":"2022-05-30T14:44:50","guid":{"rendered":"https:\/\/davidberro.com\/ar\/?page_id=61"},"modified":"2022-06-12T17:52:33","modified_gmt":"2022-06-12T17:52:33","slug":"publications","status":"publish","type":"page","link":"https:\/\/davidberro.com\/ar\/about\/publications\/","title":{"rendered":"\u0627\u0644\u0645\u0642\u0627\u0644\u0627\u062a"},"content":{"rendered":"<p>[et_pb_section fb_built=&#8221;1&#8243; fullwidth=&#8221;on&#8221; _builder_version=&#8221;4.17.4&#8243; _module_preset=&#8221;default&#8221; global_colors_info=&#8221;{}&#8221;][et_pb_fullwidth_header title=&#8221;\u0627\u0644\u0645\u0642\u0627\u0644\u0627\u062a&#8221; _builder_version=&#8221;4.17.4&#8243; _module_preset=&#8221;default&#8221; title_font=&#8221;Almarai||||||||&#8221; background_image=&#8221;https:\/\/davidberro.com\/ar\/wp-content\/uploads\/2022\/05\/blue-swirl-website-background2_Crop-e1653895682357.jpg&#8221; title_text_shadow_style=&#8221;preset5&#8243; title_text_shadow_color=&#8221;#000000&#8243; global_colors_info=&#8221;{}&#8221;][\/et_pb_fullwidth_header][\/et_pb_section][et_pb_section fb_built=&#8221;1&#8243; _builder_version=&#8221;4.17.4&#8243; _module_preset=&#8221;default&#8221; global_colors_info=&#8221;{}&#8221;][et_pb_row _builder_version=&#8221;4.17.4&#8243; _module_preset=&#8221;default&#8221; global_colors_info=&#8221;{}&#8221;][et_pb_column type=&#8221;4_4&#8243; _builder_version=&#8221;4.17.4&#8243; _module_preset=&#8221;default&#8221; global_colors_info=&#8221;{}&#8221;][et_pb_text _builder_version=&#8221;4.17.4&#8243; _module_preset=&#8221;afb0c0d7-e67d-4e3c-b390-2a955a48fa2f&#8221; hover_enabled=&#8221;0&#8243; sticky_enabled=&#8221;0&#8243;]<\/p>\n<table border=\"1\" style=\"border-collapse: collapse; width: 100%;\">\n<tbody>\n<tr>\n<td style=\"width: 23.2745%; text-align: center;\"><strong>2022<\/strong><\/td>\n<td style=\"width: 76.7255%;\"><strong>Dynamic cooperation of intrinsic connectivity networks for language: An fMRI study in the framework of alpha band oscillation control<\/strong><br \/>\nAram Ter Minassian*, <strong>David Hassanein Berro*<\/strong>, Jean-Baptiste Girot, Louis-Marie Leiber, Mathieu Labriffe, Evelyne Emery, Philippe Menei<br \/>\n<em>Submitted to Frontiers in Neuroscience<\/em><\/td>\n<\/tr>\n<tr>\n<td style=\"width: 23.2745%; text-align: center;\"><strong>2021<\/strong><\/td>\n<td style=\"width: 76.7255%;\"><strong>Overt speech unravels cooperation between language and attentional networks and critically changes lateralization index: an fMRI study<\/strong><br \/>\n<strong>David Hassanein Berro<\/strong>, Jean-Michel Lem\u00e9e, Louis-Marie Leiber, Evelyne Emery, Philippe Menei, Aram Ter Minassian<br \/>\n<em>Published in BMC Neuroscience<\/em><\/td>\n<\/tr>\n<tr>\n<td style=\"width: 23.2745%; text-align: center;\"><strong>2021<\/strong><\/td>\n<td style=\"width: 76.7255%;\"><strong>Simultaneous mapping of vasculature, hypoxia and proliferation using DSC-MRI, 18F-FMISO PET, and 18F-FLT PET in relation to contrast enhancement in newly diagnosed glioblastoma<\/strong><br \/>\nSol\u00e8ne Collet, Jean-S\u00e9bastien Guillamo*, <strong>David Hassanein Berro*<\/strong>, Ararat Chakhoyan, Jean-marc Constans, Emmanu\u00e8le Lechapt-Zalcman, Jean-Michel Derlon, Mathieu Hatt, Dimitris Visvikis, St\u00e9phane Guillouet, C\u00e9cile Perrio, Myriam Bernaudin, Samuel Valable<br \/>\n<em>Published in Journal of Nuclear Medicine<\/em><\/td>\n<\/tr>\n<tr>\n<td style=\"width: 23.2745%; text-align: center;\"><strong>2021<\/strong><\/td>\n<td style=\"width: 76.7255%;\"><strong>New insights into the anatomo-functional architecture of the right sagittal stratum and its surrounding pathways: an axonal electrostimulation mapping study<\/strong><br \/>\n<strong>David Hassanein Berro<\/strong>, Guillaume Herbet, Hugues Duffau<br \/>\n<em>Published in Brain Structure and Function<\/em><\/td>\n<\/tr>\n<tr>\n<td style=\"width: 23.2745%; text-align: center;\"><strong>2020<\/strong><\/td>\n<td style=\"width: 76.7255%;\"><strong>Overt speech feasibility using continuous functional magnetic resonance imaging: Isolation of areas involved in phonology and prosody<\/strong><br \/>\n<strong>David Hassanein Berro<\/strong>, Jean-Michel Lem\u00e9e, Louis-Marie Leiber, Evelyne Emery, Philippe Menei, Aram Ter Minassian<br \/>\n<em>Published in Journal of Neuroscience Research<\/em><\/td>\n<\/tr>\n<tr>\n<td style=\"width: 23.2745%; text-align: center;\"><strong>2019<\/strong><\/td>\n<td style=\"width: 76.7255%;\"><strong>Resting state FMRI versus task-based activity for language mapping and correlation with perioperative cortical mapping<\/strong><br \/>\nJean-Michel Lem\u00e9e, <strong>David Hassanein Berro<\/strong>, Florian Bernard, Eva Chinier, Louis-Marie Leiber, Phillippe Menei, Aram Ter Minassian<br \/>\n<em>Published in Brain and Behavior<\/em><\/td>\n<\/tr>\n<tr>\n<td style=\"width: 23.2745%; text-align: center;\"><strong>2019<\/strong><\/td>\n<td style=\"width: 76.7255%;\"><strong>Comparison between MRI derived ADC maps and 18FLT-PET reveals no correlation in glioblastoma<\/strong><br \/>\n<strong>David Hassanein Berro<\/strong>, Sol\u00e8ne Collet, Jean-Marc Constans, Louisa Barr\u00e9, Jean-Michel Derlon, Evelyne Emery, Jean-S\u00e9bastien Guillamo, Samuel Valable<br \/>\n<em>Published in Journal of Neuroradiology<\/em><\/td>\n<\/tr>\n<tr>\n<td style=\"width: 23.2745%; text-align: center;\"><strong>2019<\/strong><\/td>\n<td style=\"width: 76.7255%;\"><strong>\u201cClip first policy\u201d versus \u201ccoil first policy\u201d for the exclusion of middle cerebral artery aneurysms<\/strong><br \/>\n<strong>David Hassanein Berro<\/strong>, Vincent L\u2019Allinec, Anne Pasco-Papon, Evelyne Emery, Mada Berro, Charlotte Barbier, Henri-Dominique Fournier, Thomas Gaberel<br \/>\n<em>Published in Journal of Neurosurgery<\/em><\/td>\n<\/tr>\n<tr>\n<td style=\"width: 23.2745%; text-align: center;\"><strong>2019<\/strong><\/td>\n<td style=\"width: 76.7255%;\"><strong>Phase I\/IIa study of concomitant radiotherapy with olaparib and temozolomide in unresectable or partially resectable glioblastoma: OLA-TMZ-RTE-01 trial protocol<\/strong><br \/>\nLesueur P, Lequesne J, Grellard JM, Dugu\u00e9 A, Coquan E, Brachet PE, Geffrelot J, Kao W, Emery E, <strong>Berro DH<\/strong>, Castera L, Goardon N, Lacroix J, Lange M, Capel A, Leconte A, Andre B, L\u00e9ger A, Lelaidier A, Clarisse B, Stefan D.<br \/>\n<em>Published in BMC Cancer<\/em><\/td>\n<\/tr>\n<tr>\n<td style=\"width: 23.2745%; text-align: center;\"><strong>2017<\/strong><\/td>\n<td style=\"width: 76.7255%;\"><strong>In vivo Relations Between Hypoxia and Angiogenesis Using Multimodal Imaging in Human Glioblastoma<\/strong><br \/>\nPonte KF*, <strong>Berro DH*<\/strong>, Collet S, Constans JM, Emery E, Valable S, Guillamo JS.<br \/>\n<em>Published in Journal of Nuclear Medicine<\/em><\/td>\n<\/tr>\n<\/tbody>\n<\/table>\n<p>*Contributed equally to this work[\/et_pb_text][\/et_pb_column][\/et_pb_row][\/et_pb_section]<\/p>\n","protected":false},"excerpt":{"rendered":"<p>2022 Dynamic cooperation of intrinsic connectivity networks for language: An fMRI study in the framework of alpha band oscillation control Aram Ter Minassian*, David Hassanein Berro*, Jean-Baptiste Girot, Louis-Marie Leiber, Mathieu Labriffe, Evelyne Emery, Philippe Menei Submitted to Frontiers in Neuroscience 2021 Overt speech unravels cooperation between language and attentional networks and critically changes lateralization [&hellip;]<\/p>\n","protected":false},"author":1,"featured_media":0,"parent":22,"menu_order":0,"comment_status":"closed","ping_status":"closed","template":"","meta":{"_et_pb_use_builder":"on","_et_pb_old_content":"","_et_gb_content_width":"","footnotes":""},"class_list":["post-61","page","type-page","status-publish","hentry"],"yoast_head":"<!-- This site is optimized with the Yoast SEO plugin v27.3 - https:\/\/yoast.com\/product\/yoast-seo-wordpress\/ -->\n<title>\u0627\u0644\u0645\u0642\u0627\u0644\u0627\u062a | David Berro<\/title>\n<meta name=\"robots\" content=\"index, follow, max-snippet:-1, max-image-preview:large, max-video-preview:-1\" \/>\n<link rel=\"canonical\" href=\"https:\/\/davidberro.com\/ar\/about\/publications\/\" \/>\n<meta property=\"og:locale\" content=\"ar_AR\" \/>\n<meta property=\"og:type\" content=\"article\" \/>\n<meta property=\"og:title\" content=\"\u0627\u0644\u0645\u0642\u0627\u0644\u0627\u062a | David Berro\" \/>\n<meta property=\"og:description\" content=\"2022 Dynamic cooperation of intrinsic connectivity networks for language: An fMRI study in the framework of alpha band oscillation control Aram Ter Minassian*, David Hassanein Berro*, Jean-Baptiste Girot, Louis-Marie Leiber, Mathieu Labriffe, Evelyne Emery, Philippe Menei Submitted to Frontiers in Neuroscience 2021 Overt speech unravels cooperation between language and attentional networks and critically changes lateralization [&hellip;]\" \/>\n<meta property=\"og:url\" content=\"https:\/\/davidberro.com\/ar\/about\/publications\/\" \/>\n<meta property=\"og:site_name\" content=\"David Berro\" \/>\n<meta property=\"article:modified_time\" content=\"2022-06-12T17:52:33+00:00\" \/>\n<meta name=\"twitter:card\" content=\"summary_large_image\" \/>\n<meta name=\"twitter:label1\" content=\"\u0648\u0642\u062a \u0627\u0644\u0642\u0631\u0627\u0621\u0629 \u0627\u0644\u0645\u064f\u0642\u062f\u0651\u0631\" \/>\n\t<meta name=\"twitter:data1\" content=\"3 \u062f\u0642\u0627\u0626\u0642\" \/>\n<script type=\"application\/ld+json\" class=\"yoast-schema-graph\">{\"@context\":\"https:\\\/\\\/schema.org\",\"@graph\":[{\"@type\":\"WebPage\",\"@id\":\"https:\\\/\\\/davidberro.com\\\/ar\\\/about\\\/publications\\\/\",\"url\":\"https:\\\/\\\/davidberro.com\\\/ar\\\/about\\\/publications\\\/\",\"name\":\"\u0627\u0644\u0645\u0642\u0627\u0644\u0627\u062a | David Berro\",\"isPartOf\":{\"@id\":\"https:\\\/\\\/davidberro.com\\\/ar\\\/#website\"},\"datePublished\":\"2022-05-30T14:44:50+00:00\",\"dateModified\":\"2022-06-12T17:52:33+00:00\",\"breadcrumb\":{\"@id\":\"https:\\\/\\\/davidberro.com\\\/ar\\\/about\\\/publications\\\/#breadcrumb\"},\"inLanguage\":\"ar\",\"potentialAction\":[{\"@type\":\"ReadAction\",\"target\":[\"https:\\\/\\\/davidberro.com\\\/ar\\\/about\\\/publications\\\/\"]}]},{\"@type\":\"BreadcrumbList\",\"@id\":\"https:\\\/\\\/davidberro.com\\\/ar\\\/about\\\/publications\\\/#breadcrumb\",\"itemListElement\":[{\"@type\":\"ListItem\",\"position\":1,\"name\":\"Home\",\"item\":\"https:\\\/\\\/davidberro.com\\\/ar\\\/\"},{\"@type\":\"ListItem\",\"position\":2,\"name\":\"\u0645\u0639\u0644\u0648\u0645\u0627\u062a\",\"item\":\"https:\\\/\\\/davidberro.com\\\/ar\\\/about\\\/\"},{\"@type\":\"ListItem\",\"position\":3,\"name\":\"\u0627\u0644\u0645\u0642\u0627\u0644\u0627\u062a\"}]},{\"@type\":\"WebSite\",\"@id\":\"https:\\\/\\\/davidberro.com\\\/ar\\\/#website\",\"url\":\"https:\\\/\\\/davidberro.com\\\/ar\\\/\",\"name\":\"David Berro\",\"description\":\"Neurosurgeon, MD, PhD\",\"publisher\":{\"@id\":\"https:\\\/\\\/davidberro.com\\\/ar\\\/#\\\/schema\\\/person\\\/12bd4a57314b869fef24b30259ab7dad\"},\"potentialAction\":[{\"@type\":\"SearchAction\",\"target\":{\"@type\":\"EntryPoint\",\"urlTemplate\":\"https:\\\/\\\/davidberro.com\\\/ar\\\/?s={search_term_string}\"},\"query-input\":{\"@type\":\"PropertyValueSpecification\",\"valueRequired\":true,\"valueName\":\"search_term_string\"}}],\"inLanguage\":\"ar\"},{\"@type\":[\"Person\",\"Organization\"],\"@id\":\"https:\\\/\\\/davidberro.com\\\/ar\\\/#\\\/schema\\\/person\\\/12bd4a57314b869fef24b30259ab7dad\",\"name\":\"admin\",\"image\":{\"@type\":\"ImageObject\",\"inLanguage\":\"ar\",\"@id\":\"https:\\\/\\\/davidberro.com\\\/ar\\\/wp-content\\\/uploads\\\/2022\\\/06\\\/Logo-LongAr.png\",\"url\":\"https:\\\/\\\/davidberro.com\\\/ar\\\/wp-content\\\/uploads\\\/2022\\\/06\\\/Logo-LongAr.png\",\"contentUrl\":\"https:\\\/\\\/davidberro.com\\\/ar\\\/wp-content\\\/uploads\\\/2022\\\/06\\\/Logo-LongAr.png\",\"width\":1894,\"height\":787,\"caption\":\"admin\"},\"logo\":{\"@id\":\"https:\\\/\\\/davidberro.com\\\/ar\\\/wp-content\\\/uploads\\\/2022\\\/06\\\/Logo-LongAr.png\"},\"sameAs\":[\"http:\\\/\\\/davidberro.com\\\/ar\"]}]}<\/script>\n<!-- \/ Yoast SEO plugin. -->","yoast_head_json":{"title":"\u0627\u0644\u0645\u0642\u0627\u0644\u0627\u062a | David Berro","robots":{"index":"index","follow":"follow","max-snippet":"max-snippet:-1","max-image-preview":"max-image-preview:large","max-video-preview":"max-video-preview:-1"},"canonical":"https:\/\/davidberro.com\/ar\/about\/publications\/","og_locale":"ar_AR","og_type":"article","og_title":"\u0627\u0644\u0645\u0642\u0627\u0644\u0627\u062a | David Berro","og_description":"2022 Dynamic cooperation of intrinsic connectivity networks for language: An fMRI study in the framework of alpha band oscillation control Aram Ter Minassian*, David Hassanein Berro*, Jean-Baptiste Girot, Louis-Marie Leiber, Mathieu Labriffe, Evelyne Emery, Philippe Menei Submitted to Frontiers in Neuroscience 2021 Overt speech unravels cooperation between language and attentional networks and critically changes lateralization [&hellip;]","og_url":"https:\/\/davidberro.com\/ar\/about\/publications\/","og_site_name":"David Berro","article_modified_time":"2022-06-12T17:52:33+00:00","twitter_card":"summary_large_image","twitter_misc":{"\u0648\u0642\u062a \u0627\u0644\u0642\u0631\u0627\u0621\u0629 \u0627\u0644\u0645\u064f\u0642\u062f\u0651\u0631":"3 \u062f\u0642\u0627\u0626\u0642"},"schema":{"@context":"https:\/\/schema.org","@graph":[{"@type":"WebPage","@id":"https:\/\/davidberro.com\/ar\/about\/publications\/","url":"https:\/\/davidberro.com\/ar\/about\/publications\/","name":"\u0627\u0644\u0645\u0642\u0627\u0644\u0627\u062a | David Berro","isPartOf":{"@id":"https:\/\/davidberro.com\/ar\/#website"},"datePublished":"2022-05-30T14:44:50+00:00","dateModified":"2022-06-12T17:52:33+00:00","breadcrumb":{"@id":"https:\/\/davidberro.com\/ar\/about\/publications\/#breadcrumb"},"inLanguage":"ar","potentialAction":[{"@type":"ReadAction","target":["https:\/\/davidberro.com\/ar\/about\/publications\/"]}]},{"@type":"BreadcrumbList","@id":"https:\/\/davidberro.com\/ar\/about\/publications\/#breadcrumb","itemListElement":[{"@type":"ListItem","position":1,"name":"Home","item":"https:\/\/davidberro.com\/ar\/"},{"@type":"ListItem","position":2,"name":"\u0645\u0639\u0644\u0648\u0645\u0627\u062a","item":"https:\/\/davidberro.com\/ar\/about\/"},{"@type":"ListItem","position":3,"name":"\u0627\u0644\u0645\u0642\u0627\u0644\u0627\u062a"}]},{"@type":"WebSite","@id":"https:\/\/davidberro.com\/ar\/#website","url":"https:\/\/davidberro.com\/ar\/","name":"David Berro","description":"Neurosurgeon, MD, PhD","publisher":{"@id":"https:\/\/davidberro.com\/ar\/#\/schema\/person\/12bd4a57314b869fef24b30259ab7dad"},"potentialAction":[{"@type":"SearchAction","target":{"@type":"EntryPoint","urlTemplate":"https:\/\/davidberro.com\/ar\/?s={search_term_string}"},"query-input":{"@type":"PropertyValueSpecification","valueRequired":true,"valueName":"search_term_string"}}],"inLanguage":"ar"},{"@type":["Person","Organization"],"@id":"https:\/\/davidberro.com\/ar\/#\/schema\/person\/12bd4a57314b869fef24b30259ab7dad","name":"admin","image":{"@type":"ImageObject","inLanguage":"ar","@id":"https:\/\/davidberro.com\/ar\/wp-content\/uploads\/2022\/06\/Logo-LongAr.png","url":"https:\/\/davidberro.com\/ar\/wp-content\/uploads\/2022\/06\/Logo-LongAr.png","contentUrl":"https:\/\/davidberro.com\/ar\/wp-content\/uploads\/2022\/06\/Logo-LongAr.png","width":1894,"height":787,"caption":"admin"},"logo":{"@id":"https:\/\/davidberro.com\/ar\/wp-content\/uploads\/2022\/06\/Logo-LongAr.png"},"sameAs":["http:\/\/davidberro.com\/ar"]}]}},"_links":{"self":[{"href":"https:\/\/davidberro.com\/ar\/wp-json\/wp\/v2\/pages\/61","targetHints":{"allow":["GET"]}}],"collection":[{"href":"https:\/\/davidberro.com\/ar\/wp-json\/wp\/v2\/pages"}],"about":[{"href":"https:\/\/davidberro.com\/ar\/wp-json\/wp\/v2\/types\/page"}],"author":[{"embeddable":true,"href":"https:\/\/davidberro.com\/ar\/wp-json\/wp\/v2\/users\/1"}],"replies":[{"embeddable":true,"href":"https:\/\/davidberro.com\/ar\/wp-json\/wp\/v2\/comments?post=61"}],"version-history":[{"count":5,"href":"https:\/\/davidberro.com\/ar\/wp-json\/wp\/v2\/pages\/61\/revisions"}],"predecessor-version":[{"id":346,"href":"https:\/\/davidberro.com\/ar\/wp-json\/wp\/v2\/pages\/61\/revisions\/346"}],"up":[{"embeddable":true,"href":"https:\/\/davidberro.com\/ar\/wp-json\/wp\/v2\/pages\/22"}],"wp:attachment":[{"href":"https:\/\/davidberro.com\/ar\/wp-json\/wp\/v2\/media?parent=61"}],"curies":[{"name":"wp","href":"https:\/\/api.w.org\/{rel}","templated":true}]}}